{"id":1021,"date":"2025-04-23T22:06:15","date_gmt":"2025-04-23T20:06:15","guid":{"rendered":"https:\/\/gaijinramen.dk\/?page_id=1021"},"modified":"2025-11-17T19:27:30","modified_gmt":"2025-11-17T18:27:30","slug":"noerregade","status":"publish","type":"page","link":"https:\/\/gaijinramen.dk\/en\/noerregade\/","title":{"rendered":"N\u00f8rregade"},"content":{"rendered":"<div data-elementor-type=\"wp-page\" data-elementor-id=\"1021\" class=\"elementor elementor-1021\" data-elementor-post-type=\"page\">\n\t\t\t\t<div class=\"elementor-element elementor-element-dbe7093 e-con-full e-flex e-con e-parent\" data-id=\"dbe7093\" data-element_type=\"container\" data-e-type=\"container\">\n\t\t<div class=\"elementor-element elementor-element-c438547 e-con-full e-flex e-con e-child\" data-id=\"c438547\" data-element_type=\"container\" data-e-type=\"container\">\n\t\t<div class=\"elementor-element elementor-element-72aa36d e-con-full e-flex e-con e-child\" data-id=\"72aa36d\" data-element_type=\"container\" data-e-type=\"container\">\n\t\t\t\t<div class=\"elementor-element elementor-element-f7671a8 elementor-widget elementor-widget-heading\" data-id=\"f7671a8\" data-element_type=\"widget\" data-e-type=\"widget\" data-widget_type=\"heading.default\">\n\t\t\t\t\t<h2 class=\"elementor-heading-title elementor-size-default\">N\u00f8rregade 16<\/h2>\t\t\t\t<\/div>\n\t\t\t\t<div class=\"elementor-element elementor-element-bdceea7 elementor-widget elementor-widget-text-editor\" data-id=\"bdceea7\" data-element_type=\"widget\" data-e-type=\"widget\" data-widget_type=\"text-editor.default\">\n\t\t\t\t\t\t\t\t\t<p>Mon\u2013Sat 12\u201321 \u00b7 Sun 12\u201320<\/p>\t\t\t\t\t\t\t\t<\/div>\n\t\t\t\t<\/div>\n\t\t<div class=\"elementor-element elementor-element-e1f6cd5 e-con-full e-flex e-con e-child\" data-id=\"e1f6cd5\" data-element_type=\"container\" data-e-type=\"container\" data-settings=\"{&quot;position&quot;:&quot;absolute&quot;}\">\n\t\t\t\t<div class=\"elementor-element elementor-element-46630c3 elementor-icon-list--layout-inline elementor-align-center elementor-list-item-link-full_width elementor-widget elementor-widget-icon-list\" data-id=\"46630c3\" data-element_type=\"widget\" data-e-type=\"widget\" data-widget_type=\"icon-list.default\">\n\t\t\t\t\t\t\t<ul class=\"elementor-icon-list-items elementor-inline-items\">\n\t\t\t\t\t\t\t<li class=\"elementor-icon-list-item elementor-inline-item\">\n\t\t\t\t\t\t\t\t\t\t\t<a href=\"\/en\/noerregade\/menu\/\">\n\n\t\t\t\t\t\t\t\t\t\t\t<span class=\"elementor-icon-list-text\">Menu<\/span>\n\t\t\t\t\t\t\t\t\t\t\t<\/a>\n\t\t\t\t\t\t\t\t\t<\/li>\n\t\t\t\t\t\t\t\t<li class=\"elementor-icon-list-item elementor-inline-item\">\n\t\t\t\t\t\t\t\t\t\t\t<a href=\"\/en\/noerregade\/kontakt\/\">\n\n\t\t\t\t\t\t\t\t\t\t\t<span class=\"elementor-icon-list-text\">Contact<\/span>\n\t\t\t\t\t\t\t\t\t\t\t<\/a>\n\t\t\t\t\t\t\t\t\t<\/li>\n\t\t\t\t\t\t\t\t<li class=\"elementor-icon-list-item elementor-inline-item\">\n\t\t\t\t\t\t\t\t\t\t\t<a href=\"https:\/\/www.findsmiley.dk\/955524\" target=\"_blank\">\n\n\t\t\t\t\t\t\t\t\t\t\t<span class=\"elementor-icon-list-text\">Smiley report<\/span>\n\t\t\t\t\t\t\t\t\t\t\t<\/a>\n\t\t\t\t\t\t\t\t\t<\/li>\n\t\t\t\t\t\t<\/ul>\n\t\t\t\t\t\t<\/div>\n\t\t<div class=\"elementor-element elementor-element-e718808 e-con-full e-flex e-con e-child\" data-id=\"e718808\" data-element_type=\"container\" data-e-type=\"container\">\n\t\t\t\t<div class=\"elementor-element elementor-element-0630574 elementor-view-default elementor-widget elementor-widget-icon\" data-id=\"0630574\" data-element_type=\"widget\" data-e-type=\"widget\" data-widget_type=\"icon.default\">\n\t\t\t\t\t\t\t<div class=\"elementor-icon-wrapper\">\n\t\t\t<a class=\"elementor-icon\" href=\"https:\/\/www.instagram.com\/gaijinramen_aarhus\/\" target=\"_blank\">\n\t\t\t<svg xmlns=\"http:\/\/www.w3.org\/2000\/svg\" width=\"38\" height=\"39\" viewbox=\"0 0 38 39\" fill=\"none\"><path fill-rule=\"evenodd\" clip-rule=\"evenodd\" d=\"M27.3333 0.755585H10.6667C4.91371 0.755585 0.25 5.41929 0.25 11.1723V27.8389C0.25 33.5918 4.91371 38.2556 10.6667 38.2556H27.3333C33.0862 38.2556 37.75 33.5918 37.75 27.8389V11.1723C37.75 5.41929 33.0862 0.755585 27.3333 0.755585ZM34.1042 27.8389C34.0927 31.5735 31.0679 34.5983 27.3333 34.6098H10.6667C6.93198 34.5983 3.90727 31.5735 3.89583 27.8389V11.1723C3.90727 7.43756 6.93198 4.41286 10.6667 4.40142H27.3333C31.0679 4.41286 34.0927 7.43756 34.1042 11.1723V27.8389ZM28.8958 11.6931C30.0465 11.6931 30.9792 10.7603 30.9792 9.60975C30.9792 8.45917 30.0465 7.52642 28.8958 7.52642C27.7452 7.52642 26.8125 8.45917 26.8125 9.60975C26.8125 10.7603 27.7452 11.6931 28.8958 11.6931ZM19 10.1306C13.8223 10.1306 9.625 14.3279 9.625 19.5056C9.625 24.6833 13.8223 28.8806 19 28.8806C24.1777 28.8806 28.375 24.6833 28.375 19.5056C28.3806 17.0175 27.3946 14.6297 25.6352 12.8703C23.8758 11.111 21.4881 10.125 19 10.1306ZM13.2708 19.5056C13.2708 22.6698 15.8358 25.2348 19 25.2348C22.1642 25.2348 24.7292 22.6698 24.7292 19.5056C24.7292 16.3414 22.1642 13.7764 19 13.7764C15.8358 13.7764 13.2708 16.3414 13.2708 19.5056Z\" fill=\"black\"><\/path><\/svg>\t\t\t<\/a>\n\t\t<\/div>\n\t\t\t\t\t\t<\/div>\n\t\t\t\t<div class=\"elementor-element elementor-element-d111a26 elementor-view-default elementor-widget elementor-widget-icon\" data-id=\"d111a26\" data-element_type=\"widget\" data-e-type=\"widget\" data-widget_type=\"icon.default\">\n\t\t\t\t\t\t\t<div class=\"elementor-icon-wrapper\">\n\t\t\t<a class=\"elementor-icon\" href=\"https:\/\/www.facebook.com\/gaijinramenaar\" target=\"_blank\">\n\t\t\t<svg xmlns=\"http:\/\/www.w3.org\/2000\/svg\" width=\"40\" height=\"40\" viewbox=\"0 0 40 40\" fill=\"none\"><path d=\"M40 20.1222C40 9.00902 31.0458 0 20 0C8.9543 0 0 9.00902 0 20.1222C0 30.1656 7.31368 38.4904 16.875 40V25.9388H11.7969V20.1222H16.875V15.689C16.875 10.6459 19.861 7.86024 24.4292 7.86024C26.6176 7.86024 28.9062 8.25326 28.9062 8.25326V13.2052H26.3844C23.9 13.2052 23.125 14.7564 23.125 16.3478V20.1222H28.6718L27.7852 25.9388H23.125V40C32.6864 38.4904 40 30.166 40 20.1222Z\" fill=\"black\"><\/path><\/svg>\t\t\t<\/a>\n\t\t<\/div>\n\t\t\t\t\t\t<\/div>\n\t\t\t\t<\/div>\n\t\t\t\t<\/div>\n\t\t\t\t<\/div>\n\t\t<div class=\"elementor-element elementor-element-db4e461 e-con-full e-flex e-con e-child\" data-id=\"db4e461\" data-element_type=\"container\" data-e-type=\"container\" data-settings=\"{&quot;background_background&quot;:&quot;classic&quot;}\">\n\t\t\t\t<\/div>\n\t\t\t\t<\/div>\n\t\t\t\t<\/div>","protected":false},"excerpt":{"rendered":"<p>N\u00f8rregade 16 Man\u2013L\u00f8r 12\u201321 \u00b7 S\u00f8n 12\u201320 Menu Kontakt Smiley rapport<\/p>","protected":false},"author":1,"featured_media":0,"parent":0,"menu_order":0,"comment_status":"closed","ping_status":"closed","template":"","meta":{"_acf_changed":false,"footnotes":""},"class_list":["post-1021","page","type-page","status-publish","hentry"],"acf":[],"yoast_head":"<!-- This site is optimized with the Yoast SEO plugin v27.4 - https:\/\/yoast.com\/product\/yoast-seo-wordpress\/ -->\n<title>N\u00f8rregade | Gaijin Ramen<\/title>\n<meta name=\"description\" content=\"Bes\u00f8g Gaijin Ramen p\u00e5 N\u00f8rregade i Aarhus og nyd autentisk japansk ramen i hyggelige omgivelser.\" \/>\n<meta name=\"robots\" content=\"index, follow, max-snippet:-1, max-image-preview:large, max-video-preview:-1\" \/>\n<link rel=\"canonical\" href=\"https:\/\/gaijinramen.dk\/en\/noerregade\/\" \/>\n<meta property=\"og:locale\" content=\"en_GB\" \/>\n<meta property=\"og:type\" content=\"article\" \/>\n<meta property=\"og:title\" content=\"N\u00f8rregade | Gaijin Ramen\" \/>\n<meta property=\"og:description\" content=\"Bes\u00f8g Gaijin Ramen p\u00e5 N\u00f8rregade i Aarhus og nyd autentisk japansk ramen i hyggelige omgivelser.\" \/>\n<meta property=\"og:url\" content=\"https:\/\/gaijinramen.dk\/en\/noerregade\/\" \/>\n<meta property=\"og:site_name\" content=\"Gaijin Ramen\" \/>\n<meta property=\"article:modified_time\" content=\"2025-11-17T18:27:30+00:00\" \/>\n<meta name=\"twitter:card\" content=\"summary_large_image\" \/>\n<script type=\"application\/ld+json\" class=\"yoast-schema-graph\">{\"@context\":\"https:\\\/\\\/schema.org\",\"@graph\":[{\"@type\":\"WebPage\",\"@id\":\"https:\\\/\\\/gaijinramen.dk\\\/noerregade\\\/\",\"url\":\"https:\\\/\\\/gaijinramen.dk\\\/noerregade\\\/\",\"name\":\"N\u00f8rregade | Gaijin Ramen\",\"isPartOf\":{\"@id\":\"https:\\\/\\\/gaijinramen.dk\\\/#website\"},\"datePublished\":\"2025-04-23T20:06:15+00:00\",\"dateModified\":\"2025-11-17T18:27:30+00:00\",\"description\":\"Bes\u00f8g Gaijin Ramen p\u00e5 N\u00f8rregade i Aarhus og nyd autentisk japansk ramen i hyggelige omgivelser.\",\"breadcrumb\":{\"@id\":\"https:\\\/\\\/gaijinramen.dk\\\/noerregade\\\/#breadcrumb\"},\"inLanguage\":\"en-GB\",\"potentialAction\":[{\"@type\":\"ReadAction\",\"target\":[\"https:\\\/\\\/gaijinramen.dk\\\/noerregade\\\/\"]}]},{\"@type\":\"BreadcrumbList\",\"@id\":\"https:\\\/\\\/gaijinramen.dk\\\/noerregade\\\/#breadcrumb\",\"itemListElement\":[{\"@type\":\"ListItem\",\"position\":1,\"name\":\"Hjem\",\"item\":\"https:\\\/\\\/gaijinramen.dk\\\/\"},{\"@type\":\"ListItem\",\"position\":2,\"name\":\"N\u00f8rregade\"}]},{\"@type\":\"WebSite\",\"@id\":\"https:\\\/\\\/gaijinramen.dk\\\/#website\",\"url\":\"https:\\\/\\\/gaijinramen.dk\\\/\",\"name\":\"Gaijin Ramen\",\"description\":\"\",\"publisher\":{\"@id\":\"https:\\\/\\\/gaijinramen.dk\\\/#organization\"},\"potentialAction\":[{\"@type\":\"SearchAction\",\"target\":{\"@type\":\"EntryPoint\",\"urlTemplate\":\"https:\\\/\\\/gaijinramen.dk\\\/?s={search_term_string}\"},\"query-input\":{\"@type\":\"PropertyValueSpecification\",\"valueRequired\":true,\"valueName\":\"search_term_string\"}}],\"inLanguage\":\"en-GB\"},{\"@type\":\"Organization\",\"@id\":\"https:\\\/\\\/gaijinramen.dk\\\/#organization\",\"name\":\"Gaijin Ramen\",\"url\":\"https:\\\/\\\/gaijinramen.dk\\\/\",\"logo\":{\"@type\":\"ImageObject\",\"inLanguage\":\"en-GB\",\"@id\":\"https:\\\/\\\/gaijinramen.dk\\\/#\\\/schema\\\/logo\\\/image\\\/\",\"url\":\"https:\\\/\\\/gaijinramen.dk\\\/wp-content\\\/uploads\\\/2024\\\/02\\\/gaijinramen.svg\",\"contentUrl\":\"https:\\\/\\\/gaijinramen.dk\\\/wp-content\\\/uploads\\\/2024\\\/02\\\/gaijinramen.svg\",\"width\":116,\"height\":51,\"caption\":\"Gaijin Ramen\"},\"image\":{\"@id\":\"https:\\\/\\\/gaijinramen.dk\\\/#\\\/schema\\\/logo\\\/image\\\/\"}}]}<\/script>\n<!-- \/ Yoast SEO plugin. -->","yoast_head_json":{"title":"N\u00f8rregade | Gaijin Ramen","description":"Bes\u00f8g Gaijin Ramen p\u00e5 N\u00f8rregade i Aarhus og nyd autentisk japansk ramen i hyggelige omgivelser.","robots":{"index":"index","follow":"follow","max-snippet":"max-snippet:-1","max-image-preview":"max-image-preview:large","max-video-preview":"max-video-preview:-1"},"canonical":"https:\/\/gaijinramen.dk\/en\/noerregade\/","og_locale":"en_GB","og_type":"article","og_title":"N\u00f8rregade | Gaijin Ramen","og_description":"Bes\u00f8g Gaijin Ramen p\u00e5 N\u00f8rregade i Aarhus og nyd autentisk japansk ramen i hyggelige omgivelser.","og_url":"https:\/\/gaijinramen.dk\/en\/noerregade\/","og_site_name":"Gaijin Ramen","article_modified_time":"2025-11-17T18:27:30+00:00","twitter_card":"summary_large_image","schema":{"@context":"https:\/\/schema.org","@graph":[{"@type":"WebPage","@id":"https:\/\/gaijinramen.dk\/noerregade\/","url":"https:\/\/gaijinramen.dk\/noerregade\/","name":"N\u00f8rregade | Gaijin Ramen","isPartOf":{"@id":"https:\/\/gaijinramen.dk\/#website"},"datePublished":"2025-04-23T20:06:15+00:00","dateModified":"2025-11-17T18:27:30+00:00","description":"Bes\u00f8g Gaijin Ramen p\u00e5 N\u00f8rregade i Aarhus og nyd autentisk japansk ramen i hyggelige omgivelser.","breadcrumb":{"@id":"https:\/\/gaijinramen.dk\/noerregade\/#breadcrumb"},"inLanguage":"en-GB","potentialAction":[{"@type":"ReadAction","target":["https:\/\/gaijinramen.dk\/noerregade\/"]}]},{"@type":"BreadcrumbList","@id":"https:\/\/gaijinramen.dk\/noerregade\/#breadcrumb","itemListElement":[{"@type":"ListItem","position":1,"name":"Hjem","item":"https:\/\/gaijinramen.dk\/"},{"@type":"ListItem","position":2,"name":"N\u00f8rregade"}]},{"@type":"WebSite","@id":"https:\/\/gaijinramen.dk\/#website","url":"https:\/\/gaijinramen.dk\/","name":"Gaijin Ramen","description":"","publisher":{"@id":"https:\/\/gaijinramen.dk\/#organization"},"potentialAction":[{"@type":"SearchAction","target":{"@type":"EntryPoint","urlTemplate":"https:\/\/gaijinramen.dk\/?s={search_term_string}"},"query-input":{"@type":"PropertyValueSpecification","valueRequired":true,"valueName":"search_term_string"}}],"inLanguage":"en-GB"},{"@type":"Organization","@id":"https:\/\/gaijinramen.dk\/#organization","name":"Gaijin Ramen","url":"https:\/\/gaijinramen.dk\/","logo":{"@type":"ImageObject","inLanguage":"en-GB","@id":"https:\/\/gaijinramen.dk\/#\/schema\/logo\/image\/","url":"https:\/\/gaijinramen.dk\/wp-content\/uploads\/2024\/02\/gaijinramen.svg","contentUrl":"https:\/\/gaijinramen.dk\/wp-content\/uploads\/2024\/02\/gaijinramen.svg","width":116,"height":51,"caption":"Gaijin Ramen"},"image":{"@id":"https:\/\/gaijinramen.dk\/#\/schema\/logo\/image\/"}}]}},"_links":{"self":[{"href":"https:\/\/gaijinramen.dk\/en\/wp-json\/wp\/v2\/pages\/1021","targetHints":{"allow":["GET"]}}],"collection":[{"href":"https:\/\/gaijinramen.dk\/en\/wp-json\/wp\/v2\/pages"}],"about":[{"href":"https:\/\/gaijinramen.dk\/en\/wp-json\/wp\/v2\/types\/page"}],"author":[{"embeddable":true,"href":"https:\/\/gaijinramen.dk\/en\/wp-json\/wp\/v2\/users\/1"}],"replies":[{"embeddable":true,"href":"https:\/\/gaijinramen.dk\/en\/wp-json\/wp\/v2\/comments?post=1021"}],"version-history":[{"count":40,"href":"https:\/\/gaijinramen.dk\/en\/wp-json\/wp\/v2\/pages\/1021\/revisions"}],"predecessor-version":[{"id":1582,"href":"https:\/\/gaijinramen.dk\/en\/wp-json\/wp\/v2\/pages\/1021\/revisions\/1582"}],"wp:attachment":[{"href":"https:\/\/gaijinramen.dk\/en\/wp-json\/wp\/v2\/media?parent=1021"}],"curies":[{"name":"wp","href":"https:\/\/api.w.org\/{rel}","templated":true}]}}